{"id":12410,"date":"2024-09-06T09:37:26","date_gmt":"2024-09-06T07:37:26","guid":{"rendered":"https:\/\/cuidador1.es\/dya\/?page_id=12410"},"modified":"2025-07-04T09:25:10","modified_gmt":"2025-07-04T07:25:10","slug":"emergencias","status":"publish","type":"page","link":"https:\/\/cuidador1.es\/dya\/emergencias\/","title":{"rendered":"Emergencias"},"content":{"rendered":"<div class=\"wpb-content-wrapper\"><p>[vc_row full_width=&#8221;stretch_row&#8221; gap=&#8221;5&#8243; css=&#8221;.vc_custom_1725531583058{margin-top: -50px !important;background-color: #ffffff !important;}&#8221;][vc_column width=&#8221;1\/3&#8243; css=&#8221;.vc_custom_1725530376295{padding-right: 0px !important;padding-left: 0px !important;background-color: #ffffff !important;border-color: #ffffff !important;}&#8221;]<div class=\"key-icon-box icon-default icon-top cont-left ib-hover-1\" style=\"background-color: transparent;\" ><div class=\"ib-wrapper\"><i class=\"fas fa-phone-alt\" style=\" color: #feef00;\"><\/i> <h5 class=\"service-heading\" >943 46 46 22<\/h5><p style=\"color: #606060;\">Centro de Atenci\u00f3n Telef\u00f3nica y de Coordinaci\u00f3n disponible las 24 horas los 365 d\u00edas del a\u00f1o.<\/p><\/div><\/div>[\/vc_column][vc_column width=&#8221;1\/3&#8243;]<div class=\"key-icon-box icon-default icon-top cont-left ib-hover-1\" style=\"background-color: transparent;;\" ><div class=\"ib-wrapper\"><i class=\"fas fa-comments\" style=\" color: #feef00;\"><\/i> <h5 class=\"service-heading\" >Atenci\u00f3n y gesti\u00f3n inmediata<\/h5><p style=\"color: #606060;\">A cualquier tipo de llamada de urgencia y\/o emergencia.<\/p><\/div><\/div>[\/vc_column][vc_column width=&#8221;1\/3&#8243;]<div class=\"key-icon-box icon-default icon-top cont-left ib-hover-1\" style=\"background-color: transparent;;\" ><div class=\"ib-wrapper\"><i class=\"fas fa-headset\" style=\" color: #feef00;\"><\/i> <h5 class=\"service-heading\" >112<\/h5><p style=\"color: #606060;\">Apoyo al Sistema Vasco de Emergencias (SOS Deiak) y a la Red de Transporte Sanitario Urgente (RTSU).<\/p><\/div><\/div>[\/vc_column][\/vc_row][vc_row full_width=&#8221;stretch_row&#8221; gap=&#8221;5&#8243; css=&#8221;.vc_custom_1725613621619{background-color: #ffffff !important;border-color: #ffffff !important;}&#8221;][vc_column width=&#8221;1\/6&#8243;][\/vc_column][vc_column width=&#8221;1\/3&#8243;]<div class=\"key-icon-box icon-default icon-top cont-left ib-hover-1\" style=\"background-color: transparent;\" ><div class=\"ib-wrapper\"><i class=\"fas fa-user-friends\" style=\" color: #feef00;\"><\/i> <h5 class=\"service-heading\" >Equipo humano<\/h5><p style=\"color: #606060;\">Personal voluntario formado por m\u00e9dicos\/as, enfermeros\/as, t\u00e9cnicos\/as en emergencias sanitarias y transporte sanitario y socorristas, para realizar las asistencias con total garant\u00eda.<\/p><\/div><\/div>[\/vc_column][vc_column width=&#8221;1\/3&#8243;]<div class=\"key-icon-box icon-default icon-top cont-left ib-hover-1\" style=\"background-color: transparent;\" ><div class=\"ib-wrapper\"><i class=\"fas fa-ambulance\" style=\" color: #feef00;\"><\/i> <h5 class=\"service-heading\" >Unidades m\u00f3viles<\/h5><p style=\"color: #606060;\">Ambulancias de Soporte Vital B\u00e1sico, de Soporte Vital Avanzado, todoterrenos, motos y bicicletas asistenciales.<\/p><\/div><\/div>[\/vc_column][vc_column width=&#8221;1\/6&#8243;][\/vc_column][\/vc_row][vc_row full_width=&#8221;stretch_row_content&#8221; kd_image_overlay_color=&#8221;#ffffff&#8221; kd_image_overlay=&#8221;true&#8221;][vc_column][vc_empty_space][\/vc_column][\/vc_row][vc_row full_width=&#8221;stretch_row&#8221; css=&#8221;.vc_custom_1725620079547{padding-top: 15px !important;background-color: #feef00 !important;border-color: #ffffff !important;}&#8221;][vc_column][vc_custom_heading text=&#8221;Desde 1973 DYA Gipuzkoa est\u00e1 presente en el campo de la urgencia,<br \/>\ngracias a todo el voluntariado y a las personas socias<br \/>\nque han colaborado y colaboran econ\u00f3micamente<br \/>\npara poder seguir desarrollando nuestra labor social.&#8221; font_container=&#8221;tag:h1|font_size:30|text_align:center|color:%23606060&#8243; use_theme_fonts=&#8221;yes&#8221; css=&#8221;.vc_custom_1725620162781{margin-top: 20px !important;}&#8221;][\/vc_column][\/vc_row][vc_row][vc_column][\/vc_column][\/vc_row]<\/p>\n<\/div>","protected":false},"excerpt":{"rendered":"<p>[vc_row full_width=&#8221;stretch_row&#8221; gap=&#8221;5&#8243; css=&#8221;.vc_custom_1725531583058{margin-top: -50px !important;background-color: #ffffff !important;}&#8221;][vc_column width=&#8221;1\/3&#8243; css=&#8221;.vc_custom_1725530376295{padding-right: 0px !important;padding-left: 0px !important;background-color: #ffffff !important;border-color: #ffffff !important;}&#8221;][\/vc_column][vc_column width=&#8221;1\/3&#8243;][\/vc_column][vc_column width=&#8221;1\/3&#8243;][\/vc_column][\/vc_row][vc_row [&hellip;]<\/p>\n","protected":false},"author":1,"featured_media":12881,"parent":0,"menu_order":0,"comment_status":"closed","ping_status":"closed","template":"","meta":{"footnotes":""},"class_list":["post-12410","page","type-page","status-publish","has-post-thumbnail","hentry"],"publishpress_future_action":{"enabled":false,"date":"2026-04-25 08:22:33","action":"change-status","newStatus":"draft","terms":[],"taxonomy":"translation_priority","extraData":[]},"publishpress_future_workflow_manual_trigger":{"enabledWorkflows":[]},"_links":{"self":[{"href":"https:\/\/cuidador1.es\/dya\/wp-json\/wp\/v2\/pages\/12410","targetHints":{"allow":["GET"]}}],"collection":[{"href":"https:\/\/cuidador1.es\/dya\/wp-json\/wp\/v2\/pages"}],"about":[{"href":"https:\/\/cuidador1.es\/dya\/wp-json\/wp\/v2\/types\/page"}],"author":[{"embeddable":true,"href":"https:\/\/cuidador1.es\/dya\/wp-json\/wp\/v2\/users\/1"}],"replies":[{"embeddable":true,"href":"https:\/\/cuidador1.es\/dya\/wp-json\/wp\/v2\/comments?post=12410"}],"version-history":[{"count":30,"href":"https:\/\/cuidador1.es\/dya\/wp-json\/wp\/v2\/pages\/12410\/revisions"}],"predecessor-version":[{"id":14169,"href":"https:\/\/cuidador1.es\/dya\/wp-json\/wp\/v2\/pages\/12410\/revisions\/14169"}],"wp:featuredmedia":[{"embeddable":true,"href":"https:\/\/cuidador1.es\/dya\/wp-json\/wp\/v2\/media\/12881"}],"wp:attachment":[{"href":"https:\/\/cuidador1.es\/dya\/wp-json\/wp\/v2\/media?parent=12410"}],"curies":[{"name":"wp","href":"https:\/\/api.w.org\/{rel}","templated":true}]}}