{"id":12414,"date":"2024-09-06T11:34:22","date_gmt":"2024-09-06T09:34:22","guid":{"rendered":"https:\/\/cuidador1.es\/dya\/?page_id=12414"},"modified":"2026-03-04T07:52:29","modified_gmt":"2026-03-04T06:52:29","slug":"cobertura-preventiva-sanitaria","status":"publish","type":"page","link":"https:\/\/cuidador1.es\/dya\/cobertura-preventiva-sanitaria\/","title":{"rendered":"Cobertura Preventiva Sanitaria"},"content":{"rendered":"<div class=\"wpb-content-wrapper\"><p>[vc_row full_width=&#8221;stretch_row&#8221; gap=&#8221;5&#8243; css=&#8221;.vc_custom_1725531583058{margin-top: -50px !important;background-color: #ffffff !important;}&#8221;][vc_column width=&#8221;1\/4&#8243; css=&#8221;.vc_custom_1725530376295{padding-right: 0px !important;padding-left: 0px !important;background-color: #ffffff !important;border-color: #ffffff !important;}&#8221;]<div class=\"key-icon-box icon-default icon-top cont-left ib-hover-1\" style=\"background-color: transparent;\" ><div class=\"ib-wrapper\"><i class=\"fas fa-star\" style=\" color: #feef00;\"><\/i> <h5 class=\"service-heading\" >Amplia Experiencia<\/h5><p style=\"color: #606060;\">Pioneros en ofrecer la cobertura preventiva en actos o eventos de cualquier \u00edndole en los que pueda verse comprometida la seguridad y el bienestar de los\/as participantes o espectadores\/as.<\/p><\/div><\/div>[\/vc_column][vc_column width=&#8221;1\/4&#8243;]<div class=\"key-icon-box icon-default icon-top cont-left ib-hover-1\" style=\"background-color: transparent;;\" ><div class=\"ib-wrapper\"><i class=\"fas fa-certificate\" style=\" color: #feef00;\"><\/i> <h5 class=\"service-heading\" >Calidad Certificada<\/h5><p style=\"color: #606060;\">En la planificaci\u00f3n y ejecuci\u00f3n de estos servicios por la norma UNE-EN ISO 9001 que garantiza el \u00f3ptimo desarrollo de los mismos.<\/p><\/div><\/div>[\/vc_column][vc_column width=&#8221;1\/4&#8243;]<div class=\"key-icon-box icon-default icon-top cont-left ib-hover-1\" style=\"background-color: transparent;;\" ><div class=\"ib-wrapper\"><i class=\"fas fa-user-check\" style=\" color: #feef00;\"><\/i> <h5 class=\"service-heading\" >Personal cualificado<\/h5><p style=\"color: #606060;\">Servicios cubiertos por un equipo formado y capacitado en la prevenci\u00f3n y la asistencia sanitaria urgente.<\/p><\/div><\/div>[\/vc_column][vc_column width=&#8221;1\/4&#8243;]<div class=\"key-icon-box icon-default icon-top cont-left ib-hover-1\" style=\"background-color: transparent;;\" ><div class=\"ib-wrapper\"><i class=\"fas fa-cogs\" style=\" color: #feef00;\"><\/i> <h5 class=\"service-heading\" >Recursos a medida<\/h5><p style=\"color: #606060;\">Veh\u00edculos todoterreno, ambulancias, motos y bicicletas asistenciales, hospitales de campa\u00f1a, veh\u00edculos de intervenci\u00f3n r\u00e1pida&#8230; medios que se movilizan en funci\u00f3n de las caracter\u00edsticas del servicio.<\/p><\/div><\/div>[\/vc_column][\/vc_row][vc_row full_width=&#8221;stretch_row_content&#8221; kd_image_overlay_color=&#8221;#ffffff&#8221; kd_image_overlay=&#8221;true&#8221;][vc_column][vc_empty_space][\/vc_column][\/vc_row][vc_row full_width=&#8221;stretch_row&#8221; css=&#8221;.vc_custom_1725620458419{margin-top: 0px !important;background-color: #feef00 !important;}&#8221;][vc_column][vc_custom_heading text=&#8221;Identificamos y evaluamos los riesgos, planificando y desplegando<br \/>\ndispositivos de cobertura preventiva en multitud de actividades l\u00fadicas,<br \/>\ndeportivas o culturales en las que la concentraci\u00f3n de participantes o<br \/>\nespectadores\/as puede constituir una amenaza.&#8221; font_container=&#8221;tag:h1|font_size:30|text_align:center|color:%23606060&#8243; use_theme_fonts=&#8221;yes&#8221; css=&#8221;.vc_custom_1726562094390{margin-top: 20px !important;}&#8221;][\/vc_column][\/vc_row][vc_row full_width=&#8221;stretch_row_content&#8221; kd_image_overlay=&#8221;true&#8221;][vc_column][vc_empty_space height=&#8221;64px&#8221;][\/vc_column][\/vc_row][vc_row][vc_column width=&#8221;1\/6&#8243;][\/vc_column][vc_column width=&#8221;1\/6&#8243;][vc_column_text css=&#8221;&#8221;]<\/p>\n<h3>Inf\u00f3rmate<\/h3>\n<p>[\/vc_column_text][\/vc_column][vc_column width=&#8221;1\/2&#8243;][vc_column_text css=&#8221;&#8221;]Si est\u00e1s organizando alg\u00fan evento o acto de cualquier \u00edndole y quieres que te ayudemos, puedes llamarnos al <strong>943 46 46 22<\/strong> a cualquier hora del d\u00eda o hacer <a href=\"https:\/\/www.dyagipuzkoa.biz\/DyaInterna\/Inicio\/Logon.aspx\"><strong>click aqu\u00ed<\/strong><\/a>, y crearte una cuenta.<\/p>\n<p>Te solicitaremos rellenar unos datos y en breve nos pondremos en contacto contigo.[\/vc_column_text][\/vc_column][vc_column width=&#8221;1\/6&#8243;][\/vc_column][\/vc_row][vc_row][vc_column][vc_empty_space][\/vc_column][\/vc_row][vc_row full_width=&#8221;stretch_row&#8221; kd_image_overlay_color=&#8221;#ffffff&#8221; kd_image_overlay=&#8221;true&#8221;][vc_column][vc_empty_space height=&#8221;64px&#8221;][\/vc_column][\/vc_row][vc_row full_width=&#8221;stretch_row&#8221; kd_image_overlay_color=&#8221;#ffffff&#8221; kd_image_overlay=&#8221;true&#8221;][vc_column width=&#8221;1\/6&#8243;][\/vc_column][vc_column width=&#8221;2\/3&#8243;][vc_gallery interval=&#8221;3&#8243; images=&#8221;12745,12747,12749,12755,12751,15568&#8243; img_size=&#8221;full&#8221; css=&#8221;&#8221;][vc_empty_space height=&#8221;40px&#8221;][\/vc_column][vc_column width=&#8221;1\/6&#8243;][\/vc_column][\/vc_row]<\/p>\n<\/div>","protected":false},"excerpt":{"rendered":"<p>[vc_row full_width=&#8221;stretch_row&#8221; gap=&#8221;5&#8243; css=&#8221;.vc_custom_1725531583058{margin-top: -50px !important;background-color: #ffffff !important;}&#8221;][vc_column width=&#8221;1\/4&#8243; css=&#8221;.vc_custom_1725530376295{padding-right: 0px !important;padding-left: 0px !important;background-color: #ffffff !important;border-color: #ffffff !important;}&#8221;][\/vc_column][vc_column width=&#8221;1\/4&#8243;][\/vc_column][vc_column width=&#8221;1\/4&#8243;][\/vc_column][vc_column [&hellip;]<\/p>\n","protected":false},"author":1,"featured_media":12888,"parent":0,"menu_order":0,"comment_status":"closed","ping_status":"closed","template":"","meta":{"footnotes":""},"class_list":["post-12414","page","type-page","status-publish","has-post-thumbnail","hentry"],"publishpress_future_action":{"enabled":false,"date":"2026-04-27 10:22:41","action":"change-status","newStatus":"draft","terms":[],"taxonomy":"translation_priority","extraData":[]},"publishpress_future_workflow_manual_trigger":{"enabledWorkflows":[]},"_links":{"self":[{"href":"https:\/\/cuidador1.es\/dya\/wp-json\/wp\/v2\/pages\/12414","targetHints":{"allow":["GET"]}}],"collection":[{"href":"https:\/\/cuidador1.es\/dya\/wp-json\/wp\/v2\/pages"}],"about":[{"href":"https:\/\/cuidador1.es\/dya\/wp-json\/wp\/v2\/types\/page"}],"author":[{"embeddable":true,"href":"https:\/\/cuidador1.es\/dya\/wp-json\/wp\/v2\/users\/1"}],"replies":[{"embeddable":true,"href":"https:\/\/cuidador1.es\/dya\/wp-json\/wp\/v2\/comments?post=12414"}],"version-history":[{"count":30,"href":"https:\/\/cuidador1.es\/dya\/wp-json\/wp\/v2\/pages\/12414\/revisions"}],"predecessor-version":[{"id":15570,"href":"https:\/\/cuidador1.es\/dya\/wp-json\/wp\/v2\/pages\/12414\/revisions\/15570"}],"wp:featuredmedia":[{"embeddable":true,"href":"https:\/\/cuidador1.es\/dya\/wp-json\/wp\/v2\/media\/12888"}],"wp:attachment":[{"href":"https:\/\/cuidador1.es\/dya\/wp-json\/wp\/v2\/media?parent=12414"}],"curies":[{"name":"wp","href":"https:\/\/api.w.org\/{rel}","templated":true}]}}