{"id":12416,"date":"2024-09-06T13:45:36","date_gmt":"2024-09-06T11:45:36","guid":{"rendered":"https:\/\/cuidador1.es\/dya\/?page_id=12416"},"modified":"2025-07-15T13:41:18","modified_gmt":"2025-07-15T11:41:18","slug":"area-joven","status":"publish","type":"page","link":"https:\/\/cuidador1.es\/dya\/area-joven\/","title":{"rendered":"\u00c1rea Joven"},"content":{"rendered":"<div class=\"wpb-content-wrapper\"><p>[vc_row full_width=&#8221;stretch_row&#8221; gap=&#8221;5&#8243; css=&#8221;.vc_custom_1725531583058{margin-top: -50px !important;background-color: #ffffff !important;}&#8221;][vc_column width=&#8221;1\/3&#8243; css=&#8221;.vc_custom_1725530376295{padding-right: 0px !important;padding-left: 0px !important;background-color: #ffffff !important;border-color: #ffffff !important;}&#8221;]<div class=\"key-icon-box icon-default icon-top cont-left ib-hover-1\" style=\"background-color: transparent;\" ><div class=\"ib-wrapper\"><i class=\"fas fa-smile\" style=\" color: #feef00;\"><\/i> <h5 class=\"service-heading\" >Entre los 15 y 18 a\u00f1os<\/h5><p style=\"color: #606060;\">Vivir el mundo de la emergencia y la ayuda social siendo parte de la divisi\u00f3n joven o participando en actividades especiales organizadas para gente como t\u00fa.<\/p><\/div><\/div>[\/vc_column][vc_column width=&#8221;1\/3&#8243;]<div class=\"key-icon-box icon-default icon-top cont-left ib-hover-1\" style=\"background-color: transparent;;\" ><div class=\"ib-wrapper\"><i class=\"fas fa-asterisk\" style=\" color: #feef00;\"><\/i> <h5 class=\"service-heading\" >Imprescindible<\/h5><p style=\"color: #606060;\">Querer formar parte de un equipo que est\u00e1 dispuesto a dedicar parte de su tiempo libre ayudando a otras personas.<\/p><\/div><\/div>[\/vc_column][vc_column width=&#8221;1\/3&#8243;]<div class=\"key-icon-box icon-default icon-top cont-left ib-hover-1\" style=\"background-color: transparent;;\" ><div class=\"ib-wrapper\"><i class=\"iconsmind-Chemical-3 iconsmind-Science-Medical\" style=\" color: #feef00;\"><\/i> <h5 class=\"service-heading\" >Experimentar<\/h5><p style=\"color: #606060;\">La solidaridad, el altruismo, la generosidad, el compromiso y la empat\u00eda. Poner a prueba tus capacidades, y adem\u00e1s pasarlo bien encontrando grandes compa\u00f1eros\/as.<\/p><\/div><\/div>[\/vc_column][\/vc_row][vc_row full_width=&#8221;stretch_row&#8221; css=&#8221;.vc_custom_1725623287655{margin-top: 0px !important;background-color: #feef00 !important;}&#8221;][vc_column][vc_custom_heading text=&#8221;Vive durante una semana lo que es ser voluntario\/a en DYA,<br \/>\ny descubre de forma divertida la realidad social que nos rodea.&#8221; font_container=&#8221;tag:h1|font_size:30|text_align:center|color:%23606060&#8243; use_theme_fonts=&#8221;yes&#8221; css=&#8221;.vc_custom_1725623197605{margin-top: 20px !important;}&#8221;][\/vc_column][\/vc_row][vc_row css=&#8221;.vc_custom_1721727008080{margin-top: 50px !important;}&#8221;][vc_column width=&#8221;1\/3&#8243;][vc_column_text css=&#8221;&#8221;]<\/p>\n<h3>Inf\u00f3rmate<\/h3>\n<p>Si quieres pertenecer durante unos a\u00f1os al \u00e1rea j\u00f3ven de la Asociaci\u00f3n, solo tienes que llamarnos al <strong>943 46 46<\/strong> <strong>22<\/strong> o <strong>rellenar este formulario.<\/strong>[\/vc_column_text][\/vc_column][vc_column width=&#8221;1\/6&#8243;][\/vc_column][vc_column width=&#8221;1\/2&#8243;]<header class=\"kd-section-title col-lg-12 text-left    \" ><h2 class=\"separator_off\" >Contacta<\/h2><h6 class=\"subtitle \" >Escr\u00edbenos a trav\u00e9s de este formulario, en breve te responderemos.<\/h6><\/header>[vc_empty_space height=&#8221;10px&#8221;]<div class=\"kd-contact-form full-width-cf white-input-bg\" >\n<div class=\"wpcf7 no-js\" id=\"wpcf7-f13073-o1\" lang=\"en-US\" dir=\"ltr\" data-wpcf7-id=\"13073\">\n<div class=\"screen-reader-response\"><p role=\"status\" aria-live=\"polite\" aria-atomic=\"true\"><\/p> <ul><\/ul><\/div>\n<form action=\"\/dya\/wp-json\/wp\/v2\/pages\/12416#wpcf7-f13073-o1\" method=\"post\" class=\"wpcf7-form init\" aria-label=\"Contact form\" novalidate=\"novalidate\" data-status=\"init\">\n<fieldset class=\"hidden-fields-container\"><input type=\"hidden\" name=\"_wpcf7\" value=\"13073\" \/><input type=\"hidden\" name=\"_wpcf7_version\" value=\"6.1.5\" \/><input type=\"hidden\" name=\"_wpcf7_locale\" value=\"en_US\" \/><input type=\"hidden\" name=\"_wpcf7_unit_tag\" value=\"wpcf7-f13073-o1\" \/><input type=\"hidden\" name=\"_wpcf7_container_post\" value=\"0\" \/><input type=\"hidden\" name=\"_wpcf7_posted_data_hash\" value=\"\" \/>\n<\/fieldset>\n<p><span class=\"wpcf7-form-control-wrap\" data-name=\"your-nombre\"><input size=\"40\" maxlength=\"400\" class=\"wpcf7-form-control wpcf7-text wpcf7-validates-as-required\" aria-required=\"true\" aria-invalid=\"false\" placeholder=\"Nombre y Apellidos*\" value=\"\" type=\"text\" name=\"your-nombre\" \/><\/span><br \/>\n<span class=\"wpcf7-form-control-wrap\" data-name=\"your-email\"><input size=\"40\" maxlength=\"400\" class=\"wpcf7-form-control wpcf7-email wpcf7-validates-as-required wpcf7-text wpcf7-validates-as-email\" aria-required=\"true\" aria-invalid=\"false\" placeholder=\"E-mail*\" value=\"\" type=\"email\" name=\"your-email\" \/><\/span><br \/>\n<span class=\"wpcf7-form-control-wrap\" data-name=\"tel-44\"><input size=\"40\" maxlength=\"400\" class=\"wpcf7-form-control wpcf7-tel wpcf7-text wpcf7-validates-as-tel\" aria-invalid=\"false\" placeholder=\"Tel\u00e9fono\" value=\"\" type=\"tel\" name=\"tel-44\" \/><\/span><br \/>\nIntroduce el siguiente c\u00f3digo: <input type=\"hidden\" name=\"_wpcf7_captcha_challenge_captcha-778\" value=\"685995059\" \/><img loading=\"lazy\" decoding=\"async\" class=\"wpcf7-form-control wpcf7-captchac wpcf7-captcha-captcha-778\" width=\"84\" height=\"28\" alt=\"captcha\" src=\"https:\/\/cuidador1.es\/dya\/wp-content\/uploads\/wpcf7_captcha\/685995059.png\" \/><span class=\"wpcf7-form-control-wrap\" data-name=\"captcha-778\"><input size=\"10\" maxlength=\"10\" class=\"wpcf7-form-control wpcf7-captchar\" autocomplete=\"off\" aria-invalid=\"false\" value=\"\" type=\"text\" name=\"captcha-778\" \/><\/span><br \/>\n<span class=\"wpcf7-form-control-wrap\" data-name=\"acceptance-316\"><span class=\"wpcf7-form-control wpcf7-acceptance optional\"><span class=\"wpcf7-list-item\"><label><input type=\"checkbox\" name=\"acceptance-316\" value=\"1\" aria-invalid=\"false\" \/><span class=\"wpcf7-list-item-label\">He le\u00eddo y acepto la <a rel=\"nofollow ugc\" href=\"https:\/\/cuidador1.es\/dya\/politica-de-privacidad\/\">Pol\u00edtica de Privacidad<\/a> y el <a rel=\"nofollow ugc\" href=\"https:\/\/cuidador1.es\/dya\/aviso-legal\/\">Aviso Legal<\/a><\/span><\/label><\/span><\/span><\/span><br \/>\n<input class=\"wpcf7-form-control wpcf7-submit has-spinner\" type=\"submit\" value=\"Enviar\" \/>\n<\/p><div class=\"wpcf7-response-output\" aria-hidden=\"true\"><\/div>\n<\/form>\n<\/div>\n<\/div>[vc_empty_space height=&#8221;50&#8243;][\/vc_column][\/vc_row][vc_row full_width=&#8221;stretch_row&#8221; kd_image_overlay_color=&#8221;#ffffff&#8221; kd_image_overlay=&#8221;true&#8221;][vc_column][vc_empty_space height=&#8221;64px&#8221;][\/vc_column][\/vc_row][vc_row full_width=&#8221;stretch_row&#8221; kd_image_overlay_color=&#8221;#ffffff&#8221; kd_image_overlay=&#8221;true&#8221;][vc_column width=&#8221;1\/6&#8243;][\/vc_column][vc_column width=&#8221;2\/3&#8243;][vc_gallery interval=&#8221;3&#8243; images=&#8221;12768,12772,12766,12770,12778,12774,12776&#8243; img_size=&#8221;full&#8221; css=&#8221;&#8221;][vc_empty_space height=&#8221;40px&#8221;][\/vc_column][vc_column width=&#8221;1\/6&#8243;][\/vc_column][\/vc_row]<\/p>\n<\/div>","protected":false},"excerpt":{"rendered":"<p>[vc_row full_width=&#8221;stretch_row&#8221; gap=&#8221;5&#8243; css=&#8221;.vc_custom_1725531583058{margin-top: -50px !important;background-color: #ffffff !important;}&#8221;][vc_column width=&#8221;1\/3&#8243; css=&#8221;.vc_custom_1725530376295{padding-right: 0px !important;padding-left: 0px !important;background-color: #ffffff !important;border-color: #ffffff !important;}&#8221;][\/vc_column][vc_column width=&#8221;1\/3&#8243;][\/vc_column][vc_column width=&#8221;1\/3&#8243;][\/vc_column][\/vc_row][vc_row [&hellip;]<\/p>\n","protected":false},"author":1,"featured_media":12919,"parent":0,"menu_order":0,"comment_status":"closed","ping_status":"closed","template":"","meta":{"footnotes":""},"class_list":["post-12416","page","type-page","status-publish","has-post-thumbnail","hentry"],"publishpress_future_action":{"enabled":false,"date":"2026-04-25 08:22:33","action":"change-status","newStatus":"draft","terms":[],"taxonomy":"translation_priority","extraData":[]},"publishpress_future_workflow_manual_trigger":{"enabledWorkflows":[]},"_links":{"self":[{"href":"https:\/\/cuidador1.es\/dya\/wp-json\/wp\/v2\/pages\/12416","targetHints":{"allow":["GET"]}}],"collection":[{"href":"https:\/\/cuidador1.es\/dya\/wp-json\/wp\/v2\/pages"}],"about":[{"href":"https:\/\/cuidador1.es\/dya\/wp-json\/wp\/v2\/types\/page"}],"author":[{"embeddable":true,"href":"https:\/\/cuidador1.es\/dya\/wp-json\/wp\/v2\/users\/1"}],"replies":[{"embeddable":true,"href":"https:\/\/cuidador1.es\/dya\/wp-json\/wp\/v2\/comments?post=12416"}],"version-history":[{"count":21,"href":"https:\/\/cuidador1.es\/dya\/wp-json\/wp\/v2\/pages\/12416\/revisions"}],"predecessor-version":[{"id":14242,"href":"https:\/\/cuidador1.es\/dya\/wp-json\/wp\/v2\/pages\/12416\/revisions\/14242"}],"wp:featuredmedia":[{"embeddable":true,"href":"https:\/\/cuidador1.es\/dya\/wp-json\/wp\/v2\/media\/12919"}],"wp:attachment":[{"href":"https:\/\/cuidador1.es\/dya\/wp-json\/wp\/v2\/media?parent=12416"}],"curies":[{"name":"wp","href":"https:\/\/api.w.org\/{rel}","templated":true}]}}