{"id":12418,"date":"2024-09-09T09:27:15","date_gmt":"2024-09-09T07:27:15","guid":{"rendered":"https:\/\/cuidador1.es\/dya\/?page_id=12418"},"modified":"2024-09-18T11:47:02","modified_gmt":"2024-09-18T09:47:02","slug":"ayuda-internacional","status":"publish","type":"page","link":"https:\/\/cuidador1.es\/dya\/ayuda-internacional\/","title":{"rendered":"Ayuda Internacional"},"content":{"rendered":"<div class=\"wpb-content-wrapper\"><p>[vc_row full_width=&#8221;stretch_row&#8221; gap=&#8221;5&#8243; css=&#8221;.vc_custom_1725531583058{margin-top: -50px !important;background-color: #ffffff !important;}&#8221;][vc_column width=&#8221;1\/3&#8243; css=&#8221;.vc_custom_1725530376295{padding-right: 0px !important;padding-left: 0px !important;background-color: #ffffff !important;border-color: #ffffff !important;}&#8221;]<div class=\"key-icon-box icon-default icon-top cont-left ib-hover-1\" style=\"background-color: transparent;\" ><div class=\"ib-wrapper\"><i class=\"fas fa-globe\" style=\" color: #feef00;\"><\/i> <h5 class=\"service-heading\" >Ayuda Humanitaria<\/h5><p style=\"color: #606060;\">Ir\u00e1n, Per\u00fa, Indonesia, Hait\u00ed, Ucrania&#8230;traspasar fronteras para llevar auxilio en situaciones de desastres naturales, conflictos&#8230;<\/p><\/div><\/div>[\/vc_column][vc_column width=&#8221;1\/3&#8243;]<div class=\"key-icon-box icon-default icon-top cont-left ib-hover-1\" style=\"background-color: transparent;;\" ><div class=\"ib-wrapper\"><i class=\"fas fa-people-carry\" style=\" color: #feef00;\"><\/i> <h5 class=\"service-heading\" >Cooperaci\u00f3n entre entidades<\/h5><p style=\"color: #606060;\">Colaboraci\u00f3n con la AECID (Asociaci\u00f3n Espa\u00f1ola de Cooperaci\u00f3n Internacional para el Desarrollo) o la Agencia Vasca de Cooperaci\u00f3n al Desarrollo.<\/p><\/div><\/div>[\/vc_column][vc_column width=&#8221;1\/3&#8243;]<div class=\"key-icon-box icon-default icon-top cont-left ib-hover-1\" style=\"background-color: transparent;;\" ><div class=\"ib-wrapper\"><i class=\"fas fa-users-cog\" style=\" color: #feef00;\"><\/i> <h5 class=\"service-heading\" >Medios humanos y t\u00e9cnicos<\/h5><p style=\"color: #606060;\">Equipo multidisciplinar del personal voluntario como profesionales de la medicina y la enfermer\u00eda, t\u00e9cnicos\/as en log\u00edstica y planificaci\u00f3n&#8230; acompa\u00f1ados con recursos t\u00e9cnicos necesarios para intervenir sobre el terreno.<\/p><\/div><\/div>[\/vc_column][\/vc_row][vc_row full_width=&#8221;stretch_row_content&#8221; kd_image_overlay_color=&#8221;#ffffff&#8221; kd_image_overlay=&#8221;true&#8221;][vc_column][vc_empty_space][\/vc_column][\/vc_row][vc_row full_width=&#8221;stretch_row&#8221; css=&#8221;.vc_custom_1725866940990{margin-top: 0px !important;background-color: #feef00 !important;}&#8221;][vc_column][vc_custom_heading text=&#8221;Actuamos fuera de nuestras fronteras, ayudando a las personas<br \/>\nque han sufrido los efectos devastadores de las cat\u00e1strofes naturales,<br \/>\no de los conflictos, a estabilizar lo antes posible la situaci\u00f3n de crisis.&#8221; font_container=&#8221;tag:h1|font_size:30|text_align:center|color:%23606060&#8243; use_theme_fonts=&#8221;yes&#8221; css=&#8221;.vc_custom_1725866898866{margin-top: 20px !important;}&#8221;][\/vc_column][\/vc_row][vc_row][vc_column][vc_empty_space height=&#8221;64px&#8221;][\/vc_column][\/vc_row][vc_row full_width=&#8221;stretch_row&#8221; kd_image_overlay=&#8221;true&#8221;][vc_column width=&#8221;1\/6&#8243;][\/vc_column][vc_column width=&#8221;2\/3&#8243;][vc_gallery interval=&#8221;3&#8243; images=&#8221;12792,12790,12922,12794,12796,12806,12924&#8243; img_size=&#8221;full&#8221; css=&#8221;&#8221;][vc_empty_space height=&#8221;40px&#8221;][\/vc_column][vc_column width=&#8221;1\/6&#8243;][\/vc_column][\/vc_row]<\/p>\n<\/div>","protected":false},"excerpt":{"rendered":"<p>[vc_row full_width=&#8221;stretch_row&#8221; gap=&#8221;5&#8243; css=&#8221;.vc_custom_1725531583058{margin-top: -50px !important;background-color: #ffffff !important;}&#8221;][vc_column width=&#8221;1\/3&#8243; css=&#8221;.vc_custom_1725530376295{padding-right: 0px !important;padding-left: 0px !important;background-color: #ffffff !important;border-color: #ffffff !important;}&#8221;][\/vc_column][vc_column width=&#8221;1\/3&#8243;][\/vc_column][vc_column width=&#8221;1\/3&#8243;][\/vc_column][\/vc_row][vc_row [&hellip;]<\/p>\n","protected":false},"author":1,"featured_media":12907,"parent":0,"menu_order":0,"comment_status":"closed","ping_status":"closed","template":"","meta":{"footnotes":""},"class_list":["post-12418","page","type-page","status-publish","has-post-thumbnail","hentry"],"publishpress_future_action":{"enabled":false,"date":"2026-04-25 08:22:35","action":"change-status","newStatus":"draft","terms":[],"taxonomy":"translation_priority","extraData":[]},"publishpress_future_workflow_manual_trigger":{"enabledWorkflows":[]},"_links":{"self":[{"href":"https:\/\/cuidador1.es\/dya\/wp-json\/wp\/v2\/pages\/12418","targetHints":{"allow":["GET"]}}],"collection":[{"href":"https:\/\/cuidador1.es\/dya\/wp-json\/wp\/v2\/pages"}],"about":[{"href":"https:\/\/cuidador1.es\/dya\/wp-json\/wp\/v2\/types\/page"}],"author":[{"embeddable":true,"href":"https:\/\/cuidador1.es\/dya\/wp-json\/wp\/v2\/users\/1"}],"replies":[{"embeddable":true,"href":"https:\/\/cuidador1.es\/dya\/wp-json\/wp\/v2\/comments?post=12418"}],"version-history":[{"count":16,"href":"https:\/\/cuidador1.es\/dya\/wp-json\/wp\/v2\/pages\/12418\/revisions"}],"predecessor-version":[{"id":12927,"href":"https:\/\/cuidador1.es\/dya\/wp-json\/wp\/v2\/pages\/12418\/revisions\/12927"}],"wp:featuredmedia":[{"embeddable":true,"href":"https:\/\/cuidador1.es\/dya\/wp-json\/wp\/v2\/media\/12907"}],"wp:attachment":[{"href":"https:\/\/cuidador1.es\/dya\/wp-json\/wp\/v2\/media?parent=12418"}],"curies":[{"name":"wp","href":"https:\/\/api.w.org\/{rel}","templated":true}]}}