{"id":12838,"date":"2024-09-18T08:15:10","date_gmt":"2024-09-18T06:15:10","guid":{"rendered":"https:\/\/cuidador1.es\/dya\/?page_id=12838"},"modified":"2024-10-21T14:15:05","modified_gmt":"2024-10-21T12:15:05","slug":"historia","status":"publish","type":"page","link":"https:\/\/cuidador1.es\/dya\/historia\/","title":{"rendered":"Historia"},"content":{"rendered":"<div class=\"wpb-content-wrapper\"><p>[vc_section full_width=&#8221;stretch_row_content&#8221; content_placement=&#8221;middle&#8221; css=&#8221;.vc_custom_1725616200562{margin-top: 0px !important;background-color: #f9f9f9 !important;border-color: #f9f9f9 !important;}&#8221;][vc_row full_width=&#8221;stretch_row_content&#8221; content_placement=&#8221;middle&#8221; kd_image_overlay_color=&#8221;#f9f9f9&#8243; kd_image_overlay=&#8221;true&#8221; css=&#8221;.vc_custom_1729511623638{margin-top: 20px !important;background-color: #f9f9f9 !important;border-color: #f9f9f9 !important;}&#8221;][vc_column width=&#8221;1\/6&#8243;][\/vc_column][vc_column width=&#8221;1\/2&#8243;][vc_custom_heading text=&#8221;M\u00c1S DE 50 A\u00d1OS DE HISTORIA&#8221; font_container=&#8221;tag:h4|font_size:20|text_align:left&#8221; use_theme_fonts=&#8221;yes&#8221; css=&#8221;&#8221;][vc_column_text css=&#8221;&#8221;]Jos\u00e9 Antonio Malo y Rafael Ca\u00f1ada se conocieron accidentalmente mientras el segundo circulaba por nuestra provincia con un veh\u00edculo de DYA Bizkaia. Rafael le explic\u00f3 en qu\u00e9 consist\u00eda el proyecto, y en la cabeza de Jos\u00e9 Antonio empez\u00f3 a forjarse una idea: <strong>\u00bfpor qu\u00e9 no crear una DYA en Gipuzkoa?<\/strong><\/p>\n<p>Se reuni\u00f3 con el Dr. Juan Antonio Usparitza, su fundador, y no se lo pens\u00f3 m\u00e1s. Era una \u00e9poca en la que los traslados sanitarios se hac\u00edan en veh\u00edculos particulares que luc\u00edan un pa\u00f1uelo blanco por la ventanilla, y la \u201cloca\u201d idea de formar socorristas y crear una red de ambulancias parec\u00eda un sue\u00f1o lejano\u2026 y tentador.<\/p>\n<p>Un art\u00edculo del <strong>21 de junio de 1973<\/strong> publicado en \u201cLa Voz de Espa\u00f1a\u201d titulado \u201cEn Guip\u00fazcoa se va a crear una Asociaci\u00f3n de Ayuda en Carretera\u201d, y un baile ben\u00e9fico en la antigua sala de fiestas \u201cLa Caba\u00f1a\u201d, de Arroa, con una recaudaci\u00f3n de 17.800 pesetas, pusieron la primera piedra. Poco despu\u00e9s el primer Presidente de la Asociaci\u00f3n \u2014D. Jos\u00e9 Luis Barrero Garrido\u2014 y su Junta consegu\u00edan que la Caja de Ahorros Provincial (hoy Kutxabank) cediera la primera ambulancia, a la que siguieron una segunda donada por la Caja de Ahorros Municipal de San Sebasti\u00e1n, un coche taller y una caseta en el Alto de Orio como puesto de carretera.<\/p>\n<p>Poco a poco la Asociaci\u00f3n fue creciendo. Y lo hizo, como hoy, gracias a la colaboraci\u00f3n del pueblo guipuzcoano. Las donaciones se solicitaban por medio de cuestaciones anuales, y se llevaban a cabo campa\u00f1as de captaci\u00f3n de socios\/as. Y todo cuanto se consegu\u00eda se invert\u00eda en adquirir nuevos veh\u00edculos con los que prestar m\u00e1s ayuda.<\/p>\n<p>En la d\u00e9cada de los ochenta, y con el Dr. Eduardo Tamayo como Presidente, DYA se consolid\u00f3 como una instituci\u00f3n apreciada y reconocida. La asistencia se extendi\u00f3 por todo el territorio, se equiparon las primeras unidades de rescate en carretera, veh\u00edculos especiales de coordinaci\u00f3n de urgencias y cat\u00e1strofes, unidades para el rescate acu\u00e1tico y de monta\u00f1a, un centro coordinador, y una red de repetidores para garantizar las comunicaciones entre todos los recursos. Tambi\u00e9n se impuls\u00f3 la impartici\u00f3n de cursos de socorrismo por toda la provincia, y el n\u00famero de voluntarios\/as super\u00f3 los\/as 350.<\/p>\n<p>Su tel\u00e9fono de atenci\u00f3n de urgencias, el <strong>46.46.22<\/strong>, y el color <strong>amarillo de sus veh\u00edculos<\/strong> pasaron a ser sin\u00f3nimo de ayuda y auxilio, de un voluntariado preparado y dispuesto, y de la tecnolog\u00eda m\u00e1s avanzada al servicio de la emergencia.<\/p>\n<p>Hoy la Asociaci\u00f3n cuenta con m\u00e1s de 250 voluntarios\/as, y m\u00e1s de 25.000 socios\/as colaboradores\/as que, con sus aportaciones econ\u00f3micas, hacen posible la labor social que se lleva a cabo.<br \/>\nAsistencia urgente, bienestar social, formaci\u00f3n sanitaria, prevenci\u00f3n de accidentes, vigilancia en playas, rescate, ayuda humanitaria\u2026 La historia de DYA Gipuzkoa es una historia viva. Y t\u00fa puedes ayudarnos a escribirla. \u00bfTe animas?[\/vc_column_text][\/vc_column][vc_column width=&#8221;1\/3&#8243;][\/vc_column][\/vc_row][\/vc_section][vc_row full_width=&#8221;stretch_row&#8221; kd_image_overlay_color=&#8221;#ffffff&#8221; kd_image_overlay=&#8221;true&#8221;][vc_column][vc_empty_space height=&#8221;64px&#8221;][\/vc_column][\/vc_row][vc_row full_width=&#8221;stretch_row&#8221; kd_image_overlay_color=&#8221;#ffffff&#8221; kd_image_overlay=&#8221;true&#8221;][vc_column width=&#8221;1\/6&#8243;][\/vc_column][vc_column width=&#8221;2\/3&#8243;][vc_gallery interval=&#8221;3&#8243; images=&#8221;13132,13134,13136,13138,13140,13142,13144,13146,13130&#8243; img_size=&#8221;full&#8221; css=&#8221;&#8221;][vc_empty_space height=&#8221;40px&#8221;][\/vc_column][vc_column width=&#8221;1\/6&#8243;][\/vc_column][\/vc_row][vc_row][vc_column][\/vc_column][\/vc_row]<\/p>\n<\/div>","protected":false},"excerpt":{"rendered":"<p>[vc_section full_width=&#8221;stretch_row_content&#8221; content_placement=&#8221;middle&#8221; css=&#8221;.vc_custom_1725616200562{margin-top: 0px !important;background-color: #f9f9f9 !important;border-color: #f9f9f9 !important;}&#8221;][vc_row full_width=&#8221;stretch_row_content&#8221; content_placement=&#8221;middle&#8221; kd_image_overlay_color=&#8221;#f9f9f9&#8243; kd_image_overlay=&#8221;true&#8221; css=&#8221;.vc_custom_1729511623638{margin-top: 20px !important;background-color: #f9f9f9 !important;border-color: #f9f9f9 [&hellip;]<\/p>\n","protected":false},"author":1,"featured_media":13127,"parent":0,"menu_order":0,"comment_status":"closed","ping_status":"closed","template":"","meta":{"footnotes":""},"class_list":["post-12838","page","type-page","status-publish","has-post-thumbnail","hentry"],"publishpress_future_action":{"enabled":false,"date":"2026-04-25 08:24:21","action":"change-status","newStatus":"draft","terms":[],"taxonomy":"translation_priority","extraData":[]},"publishpress_future_workflow_manual_trigger":{"enabledWorkflows":[]},"_links":{"self":[{"href":"https:\/\/cuidador1.es\/dya\/wp-json\/wp\/v2\/pages\/12838","targetHints":{"allow":["GET"]}}],"collection":[{"href":"https:\/\/cuidador1.es\/dya\/wp-json\/wp\/v2\/pages"}],"about":[{"href":"https:\/\/cuidador1.es\/dya\/wp-json\/wp\/v2\/types\/page"}],"author":[{"embeddable":true,"href":"https:\/\/cuidador1.es\/dya\/wp-json\/wp\/v2\/users\/1"}],"replies":[{"embeddable":true,"href":"https:\/\/cuidador1.es\/dya\/wp-json\/wp\/v2\/comments?post=12838"}],"version-history":[{"count":18,"href":"https:\/\/cuidador1.es\/dya\/wp-json\/wp\/v2\/pages\/12838\/revisions"}],"predecessor-version":[{"id":13162,"href":"https:\/\/cuidador1.es\/dya\/wp-json\/wp\/v2\/pages\/12838\/revisions\/13162"}],"wp:featuredmedia":[{"embeddable":true,"href":"https:\/\/cuidador1.es\/dya\/wp-json\/wp\/v2\/media\/13127"}],"wp:attachment":[{"href":"https:\/\/cuidador1.es\/dya\/wp-json\/wp\/v2\/media?parent=12838"}],"curies":[{"name":"wp","href":"https:\/\/api.w.org\/{rel}","templated":true}]}}