{"id":12846,"date":"2024-09-18T08:17:07","date_gmt":"2024-09-18T06:17:07","guid":{"rendered":"https:\/\/cuidador1.es\/dya\/?page_id=12846"},"modified":"2026-03-18T09:54:54","modified_gmt":"2026-03-18T08:54:54","slug":"organigrama","status":"publish","type":"page","link":"https:\/\/cuidador1.es\/dya\/organigrama\/","title":{"rendered":"Organigrama"},"content":{"rendered":"<div class=\"wpb-content-wrapper\"><p>[vc_section full_width=&#8221;stretch_row_content&#8221; content_placement=&#8221;middle&#8221; css=&#8221;.vc_custom_1726658943942{margin-top: 0px !important;background-color: #f9f9f9 !important;border-color: #f9f9f9 !important;}&#8221;][vc_row full_width=&#8221;stretch_row_content&#8221; content_placement=&#8221;middle&#8221; kd_image_overlay_color=&#8221;#f9f9f9&#8243; kd_image_overlay=&#8221;true&#8221; css=&#8221;.vc_custom_1726658969997{margin-top: 0px !important;background-color: #f9f9f9 !important;border-color: #f9f9f9 !important;}&#8221;][vc_column width=&#8221;1\/6&#8243;][\/vc_column][vc_column width=&#8221;1\/2&#8243;][vc_custom_heading text=&#8221;ESTRUCTURA DIRECTIVA&#8221; font_container=&#8221;tag:h4|font_size:20|text_align:left&#8221; use_theme_fonts=&#8221;yes&#8221; css=&#8221;&#8221;][vc_column_text css=&#8221;&#8221;]La direcci\u00f3n de DYA Gipuzkoa se basa en un sistema enteramente asambleario, en el cual el m\u00e1ximo \u00f3rgano de decisi\u00f3n es la Asamblea General de Socios\/as.<\/p>\n<p>La Asamblea determina las l\u00edneas estrat\u00e9gicas de gesti\u00f3n de la organizaci\u00f3n, as\u00ed como la aplicaci\u00f3n de sus recursos. La gesti\u00f3n ordinaria recae en manos de una Junta Directiva Provincial y de un equipo directivo (la Junta de Direcci\u00f3n) que en el d\u00eda a d\u00eda, se encarga de materializar las decisiones y acuerdos adoptados por los\/as socios\/as.[\/vc_column_text][\/vc_column][\/vc_row][\/vc_section][vc_row full_width=&#8221;stretch_row&#8221; css=&#8221;.vc_custom_1726733834986{background-color: #f9f9f9 !important;}&#8221;][vc_column][vc_single_image image=&#8221;15726&#8243; img_size=&#8221;large&#8221; css=&#8221;&#8221;][\/vc_column][\/vc_row]<\/p>\n<\/div>","protected":false},"excerpt":{"rendered":"<p>[vc_section full_width=&#8221;stretch_row_content&#8221; content_placement=&#8221;middle&#8221; css=&#8221;.vc_custom_1726658943942{margin-top: 0px !important;background-color: #f9f9f9 !important;border-color: #f9f9f9 !important;}&#8221;][vc_row full_width=&#8221;stretch_row_content&#8221; content_placement=&#8221;middle&#8221; kd_image_overlay_color=&#8221;#f9f9f9&#8243; kd_image_overlay=&#8221;true&#8221; css=&#8221;.vc_custom_1726658969997{margin-top: 0px !important;background-color: #f9f9f9 !important;border-color: #f9f9f9 [&hellip;]<\/p>\n","protected":false},"author":1,"featured_media":13104,"parent":0,"menu_order":0,"comment_status":"closed","ping_status":"closed","template":"","meta":{"footnotes":""},"class_list":["post-12846","page","type-page","status-publish","has-post-thumbnail","hentry"],"publishpress_future_action":{"enabled":false,"date":"2026-04-27 10:22:39","action":"change-status","newStatus":"draft","terms":[],"taxonomy":"translation_priority","extraData":[]},"publishpress_future_workflow_manual_trigger":{"enabledWorkflows":[]},"_links":{"self":[{"href":"https:\/\/cuidador1.es\/dya\/wp-json\/wp\/v2\/pages\/12846","targetHints":{"allow":["GET"]}}],"collection":[{"href":"https:\/\/cuidador1.es\/dya\/wp-json\/wp\/v2\/pages"}],"about":[{"href":"https:\/\/cuidador1.es\/dya\/wp-json\/wp\/v2\/types\/page"}],"author":[{"embeddable":true,"href":"https:\/\/cuidador1.es\/dya\/wp-json\/wp\/v2\/users\/1"}],"replies":[{"embeddable":true,"href":"https:\/\/cuidador1.es\/dya\/wp-json\/wp\/v2\/comments?post=12846"}],"version-history":[{"count":21,"href":"https:\/\/cuidador1.es\/dya\/wp-json\/wp\/v2\/pages\/12846\/revisions"}],"predecessor-version":[{"id":15731,"href":"https:\/\/cuidador1.es\/dya\/wp-json\/wp\/v2\/pages\/12846\/revisions\/15731"}],"wp:featuredmedia":[{"embeddable":true,"href":"https:\/\/cuidador1.es\/dya\/wp-json\/wp\/v2\/media\/13104"}],"wp:attachment":[{"href":"https:\/\/cuidador1.es\/dya\/wp-json\/wp\/v2\/media?parent=12846"}],"curies":[{"name":"wp","href":"https:\/\/api.w.org\/{rel}","templated":true}]}}