{"id":12848,"date":"2024-09-18T08:17:35","date_gmt":"2024-09-18T06:17:35","guid":{"rendered":"https:\/\/cuidador1.es\/dya\/?page_id=12848"},"modified":"2025-07-15T08:37:05","modified_gmt":"2025-07-15T06:37:05","slug":"calidad-certificada","status":"publish","type":"page","link":"https:\/\/cuidador1.es\/dya\/calidad-certificada\/","title":{"rendered":"Calidad Certificada"},"content":{"rendered":"<div class=\"wpb-content-wrapper\"><p>[vc_row full_width=&#8221;stretch_row_content&#8221; content_placement=&#8221;middle&#8221; kd_image_overlay_color=&#8221;#f9f9f9&#8243; kd_image_overlay=&#8221;true&#8221; css=&#8221;.vc_custom_1726661968102{margin-top: 20px !important;background-color: #f9f9f9 !important;border-color: #f9f9f9 !important;}&#8221;][vc_column width=&#8221;1\/6&#8243;][\/vc_column][vc_column width=&#8221;1\/2&#8243;][vc_custom_heading text=&#8221;CALIDAD CERTIFICADA&#8221; font_container=&#8221;tag:h4|font_size:20|text_align:left&#8221; use_theme_fonts=&#8221;yes&#8221; css=&#8221;&#8221;][vc_column_text css=&#8221;&#8221;]La preocupaci\u00f3n por el trabajo bien hecho ha sido una constante desde el nacimiento de DYA. No en vano tratamos con seres humanos, y eso nos ha llevado siempre a buscar la forma de contar con los mejores medios asistenciales, y la mejor preparaci\u00f3n posible.<\/p>\n<p>Pero en 2006 dimos un paso m\u00e1s: desarrollamos e implantamos un Sistema de Gesti\u00f3n de la Calidad que, en 2007, fue certificado por AENOR con el n\u00famero ER-1503\/2007.<\/p>\n<p>Su alcance inicial abarcaba la atenci\u00f3n de emergencias, los dispositivos de cobertura sanitaria preventiva que desplegamos en todo tipo de eventos, y los programas de formaci\u00f3n en Primeros Auxilios, Socorrismo Acu\u00e1tico, y manejo de Desfibriladores Externos Autom\u00e1ticos (DEA).<\/p>\n<p>En 2012 conseguimos certificar con AENOR una nueva l\u00ednea: las prestaciones de tipo social. Por eso, a d\u00eda de hoy, DYA Gipuzkoa dispone de una metodolog\u00eda de trabajo orientada a la satisfacci\u00f3n de sus usuarios\/as, y la mejora continua, en todas sus actividades.<\/p>\n<p>Consulta aqu\u00ed la <a href=\"https:\/\/dyagipuzkoa.com\/\/web\/ISO\/PoliticaCalidad.jpg\"><strong>Pol\u00edtica de Calidad<\/strong><\/a> de DYA Gipuzkoa.<br \/>\nVisualiza aqu\u00ed el <a href=\"https:\/\/dyagipuzkoa.com\/\/web\/ISO\/CertificadoISO.jpg\"><strong>Certificado de Calidad<\/strong><\/a> de DYA Gipuzkoa.[\/vc_column_text][\/vc_column][vc_column width=&#8221;1\/3&#8243;][vc_single_image image=&#8221;12980&#8243; img_size=&#8221;medium&#8221; css=&#8221;&#8221;][vc_row_inner][vc_column_inner][\/vc_column_inner][\/vc_row_inner][vc_row_inner][vc_column_inner][\/vc_column_inner][\/vc_row_inner][\/vc_column][\/vc_row][vc_row full_width=&#8221;stretch_row_content&#8221; kd_image_overlay_color=&#8221;#f9f9f9&#8243; kd_image_overlay=&#8221;true&#8221;][vc_column][vc_empty_space][\/vc_column][\/vc_row]<\/p>\n<\/div>","protected":false},"excerpt":{"rendered":"<p>[vc_row full_width=&#8221;stretch_row_content&#8221; content_placement=&#8221;middle&#8221; kd_image_overlay_color=&#8221;#f9f9f9&#8243; kd_image_overlay=&#8221;true&#8221; css=&#8221;.vc_custom_1726661968102{margin-top: 20px !important;background-color: #f9f9f9 !important;border-color: #f9f9f9 !important;}&#8221;][vc_column width=&#8221;1\/6&#8243;][\/vc_column][vc_column width=&#8221;1\/2&#8243;][vc_custom_heading text=&#8221;CALIDAD CERTIFICADA&#8221; font_container=&#8221;tag:h4|font_size:20|text_align:left&#8221; use_theme_fonts=&#8221;yes&#8221; css=&#8221;&#8221;][vc_column_text css=&#8221;&#8221;]La [&hellip;]<\/p>\n","protected":false},"author":1,"featured_media":13110,"parent":0,"menu_order":0,"comment_status":"closed","ping_status":"closed","template":"","meta":{"footnotes":""},"class_list":["post-12848","page","type-page","status-publish","has-post-thumbnail","hentry"],"publishpress_future_action":{"enabled":false,"date":"2026-04-27 10:22:39","action":"change-status","newStatus":"draft","terms":[],"taxonomy":"translation_priority","extraData":[]},"publishpress_future_workflow_manual_trigger":{"enabledWorkflows":[]},"_links":{"self":[{"href":"https:\/\/cuidador1.es\/dya\/wp-json\/wp\/v2\/pages\/12848","targetHints":{"allow":["GET"]}}],"collection":[{"href":"https:\/\/cuidador1.es\/dya\/wp-json\/wp\/v2\/pages"}],"about":[{"href":"https:\/\/cuidador1.es\/dya\/wp-json\/wp\/v2\/types\/page"}],"author":[{"embeddable":true,"href":"https:\/\/cuidador1.es\/dya\/wp-json\/wp\/v2\/users\/1"}],"replies":[{"embeddable":true,"href":"https:\/\/cuidador1.es\/dya\/wp-json\/wp\/v2\/comments?post=12848"}],"version-history":[{"count":25,"href":"https:\/\/cuidador1.es\/dya\/wp-json\/wp\/v2\/pages\/12848\/revisions"}],"predecessor-version":[{"id":14504,"href":"https:\/\/cuidador1.es\/dya\/wp-json\/wp\/v2\/pages\/12848\/revisions\/14504"}],"wp:featuredmedia":[{"embeddable":true,"href":"https:\/\/cuidador1.es\/dya\/wp-json\/wp\/v2\/media\/13110"}],"wp:attachment":[{"href":"https:\/\/cuidador1.es\/dya\/wp-json\/wp\/v2\/media?parent=12848"}],"curies":[{"name":"wp","href":"https:\/\/api.w.org\/{rel}","templated":true}]}}