{"id":12850,"date":"2024-09-18T08:18:07","date_gmt":"2024-09-18T06:18:07","guid":{"rendered":"https:\/\/cuidador1.es\/dya\/?page_id=12850"},"modified":"2025-07-15T08:39:34","modified_gmt":"2025-07-15T06:39:34","slug":"plan-de-igualdad","status":"publish","type":"page","link":"https:\/\/cuidador1.es\/dya\/plan-de-igualdad\/","title":{"rendered":"Plan de Igualdad"},"content":{"rendered":"<div class=\"wpb-content-wrapper\"><p>[vc_section full_width=&#8221;stretch_row_content&#8221; content_placement=&#8221;middle&#8221; css=&#8221;.vc_custom_1726658943942{margin-top: 0px !important;background-color: #f9f9f9 !important;border-color: #f9f9f9 !important;}&#8221;][vc_row full_width=&#8221;stretch_row&#8221; gap=&#8221;35&#8243; kd_image_overlay_color=&#8221;#ffffff&#8221; kd_image_overlay=&#8221;true&#8221; css=&#8221;.vc_custom_1729580229333{margin-top: -50px !important;background-color: #ffffff !important;}&#8221;][vc_column width=&#8221;1\/6&#8243;][\/vc_column][vc_column width=&#8221;1\/2&#8243;][vc_custom_heading text=&#8221;COMPROMETIDOS CON LA IGUALDAD&#8221; font_container=&#8221;tag:h4|font_size:20|text_align:left&#8221; use_theme_fonts=&#8221;yes&#8221; css=&#8221;.vc_custom_1726663420491{margin-top: 100px !important;}&#8221;][vc_column_text css=&#8221;&#8221;]En DYA Gipuzkoa somos conscientes de que nuestra gesti\u00f3n tiene que estar en consonancia con las necesidades y demandas de la sociedad, y por ello asumimos el compromiso de promover la igualdad real y efectiva entre mujeres y hombres en la Organizaci\u00f3n.<\/p>\n<p>Tenemos la profunda convicci\u00f3n de que la apuesta por la igualdad redundar\u00e1 positivamente en el ambiente de trabajo y en las relaciones entre nuestro voluntariado y personal asalariado, su satisfacci\u00f3n, calidad de vida y salud en la actividad voluntaria y laboral. Por ello, hemos elaborado un Plan de Igualdad de Oportunidades entre Mujeres y Hombres en la Asociaci\u00f3n, siguiendo las directrices que marca la legislaci\u00f3n sobre la materia.<\/p>\n<p>Lo hemos estructurado en cuatro ejes de actuaci\u00f3n: el liderazgo y las estrategias para la gesti\u00f3n de la igualdad, la igualdad en la gesti\u00f3n de personas, el impacto social y los servicios, y en cada uno de ellos hemos propuesto diferentes acciones y medidas que nos acercar\u00e1n a la igualdad real entre mujeres y hombres en nuestra entidad.<\/p>\n<p>Adem\u00e1s, queremos manifestar nuestra tolerancia cero ante la concurrencia de conductas constitutivas de acoso sexual y\/o acoso por raz\u00f3n de sexo en nuestra Organizaci\u00f3n. Por eso, hemos elaborado y difundido entre todas las personas que formamos DYA Gipuzkoa un Protocolo de prevenci\u00f3n y actuaci\u00f3n frente al acoso sexual y\/o por raz\u00f3n de sexo, para contribuir a conformar una sociedad m\u00e1s justa e igualitaria.[\/vc_column_text][\/vc_column][vc_column width=&#8221;1\/3&#8243; css=&#8221;.vc_custom_1729580314945{background-color: #dcc4ef !important;border-color: #a147ef !important;}&#8221;]<div class=\"key-icon-box icon-default icon-top cont-left ib-hover-1\" style=\"background-color: transparent;;\" ><div class=\"ib-wrapper\"><i class=\"fas fa-envelope\" style=\" color: #feef00;\"><\/i> <h5 class=\"service-heading\" >Buz\u00f3n morado<\/h5><p style=\"color: #606060;\">En el marco de nuestro compromiso con la igualdad, hemos creado un buz\u00f3n de sugerencias que no solo est\u00e1 disponible para personas vinculadas con la Asociaci\u00f3n (voluntariado, socios\/as colaboradores\/as, personal asalariado), sino tambi\u00e9n para ti y la sociedad gipuzkoana en general. Tu opini\u00f3n, tus quejas, tus sugerencias y tus reflexiones son esenciales para ayudarnos a mejorar como entidad. \u00danete a nosotros\/as en la construcci\u00f3n de un entorno m\u00e1s igualitario y contribuye a hacer que DYA Gipuzkoa sea a\u00fan mejor. Puedes acceder al buz\u00f3n de sugerencias <span style=\"text-decoration: underline;\"><a href=\"https:\/\/docs.google.com\/forms\/d\/e\/1FAIpQLSe1v3zyMrbokOWlqil9G6rmbbTW0W2MryUUk1R_dsOosNEhsg\/viewform\">pinchando en el siguiente enlace.<\/a><\/span><\/p><\/div><\/div>[\/vc_column][\/vc_row][\/vc_section]<\/p>\n<\/div>","protected":false},"excerpt":{"rendered":"<p>[vc_section full_width=&#8221;stretch_row_content&#8221; content_placement=&#8221;middle&#8221; css=&#8221;.vc_custom_1726658943942{margin-top: 0px !important;background-color: #f9f9f9 !important;border-color: #f9f9f9 !important;}&#8221;][vc_row full_width=&#8221;stretch_row&#8221; gap=&#8221;35&#8243; kd_image_overlay_color=&#8221;#ffffff&#8221; kd_image_overlay=&#8221;true&#8221; css=&#8221;.vc_custom_1729580229333{margin-top: -50px !important;background-color: #ffffff !important;}&#8221;][vc_column width=&#8221;1\/6&#8243;][\/vc_column][vc_column [&hellip;]<\/p>\n","protected":false},"author":1,"featured_media":13100,"parent":0,"menu_order":0,"comment_status":"closed","ping_status":"closed","template":"","meta":{"footnotes":""},"class_list":["post-12850","page","type-page","status-publish","has-post-thumbnail","hentry"],"publishpress_future_action":{"enabled":false,"date":"2026-04-25 08:23:10","action":"change-status","newStatus":"draft","terms":[],"taxonomy":"translation_priority","extraData":[]},"publishpress_future_workflow_manual_trigger":{"enabledWorkflows":[]},"_links":{"self":[{"href":"https:\/\/cuidador1.es\/dya\/wp-json\/wp\/v2\/pages\/12850","targetHints":{"allow":["GET"]}}],"collection":[{"href":"https:\/\/cuidador1.es\/dya\/wp-json\/wp\/v2\/pages"}],"about":[{"href":"https:\/\/cuidador1.es\/dya\/wp-json\/wp\/v2\/types\/page"}],"author":[{"embeddable":true,"href":"https:\/\/cuidador1.es\/dya\/wp-json\/wp\/v2\/users\/1"}],"replies":[{"embeddable":true,"href":"https:\/\/cuidador1.es\/dya\/wp-json\/wp\/v2\/comments?post=12850"}],"version-history":[{"count":41,"href":"https:\/\/cuidador1.es\/dya\/wp-json\/wp\/v2\/pages\/12850\/revisions"}],"predecessor-version":[{"id":14506,"href":"https:\/\/cuidador1.es\/dya\/wp-json\/wp\/v2\/pages\/12850\/revisions\/14506"}],"wp:featuredmedia":[{"embeddable":true,"href":"https:\/\/cuidador1.es\/dya\/wp-json\/wp\/v2\/media\/13100"}],"wp:attachment":[{"href":"https:\/\/cuidador1.es\/dya\/wp-json\/wp\/v2\/media?parent=12850"}],"curies":[{"name":"wp","href":"https:\/\/api.w.org\/{rel}","templated":true}]}}