{"id":14736,"date":"2025-08-27T14:17:40","date_gmt":"2025-08-27T12:17:40","guid":{"rendered":"https:\/\/cuidador1.es\/dya\/?page_id=14736"},"modified":"2025-08-28T09:29:29","modified_gmt":"2025-08-28T07:29:29","slug":"colaboraciones","status":"publish","type":"page","link":"https:\/\/cuidador1.es\/dya\/colaboraciones\/","title":{"rendered":"Colaboraciones"},"content":{"rendered":"<div class=\"wpb-content-wrapper\"><p>[vc_section full_width=&#8221;stretch_row_content&#8221; content_placement=&#8221;middle&#8221; css=&#8221;.vc_custom_1756298271101{margin-top: 0px !important;background-color: #FFFFFF !important;border-color: #FFFFFF !important;}&#8221;][vc_row full_width=&#8221;stretch_row&#8221; gap=&#8221;35&#8243; kd_image_overlay_color=&#8221;#ffffff&#8221; kd_image_overlay=&#8221;true&#8221; css=&#8221;.vc_custom_1729580229333{margin-top: -50px !important;background-color: #ffffff !important;}&#8221;][vc_column width=&#8221;1\/5&#8243;][\/vc_column][vc_column width=&#8221;1\/5&#8243;][vc_custom_heading text=&#8221;ADMINISTRACIONES&#8221; font_container=&#8221;tag:h4|font_size:20|text_align:left&#8221; use_theme_fonts=&#8221;yes&#8221; css=&#8221;.vc_custom_1756361352616{margin-top: 100px !important;}&#8221;][vc_column_text css=&#8221;&#8221;][\/vc_column_text][\/vc_column][vc_column width=&#8221;1\/5&#8243;][\/vc_column][vc_column width=&#8221;1\/5&#8243;][\/vc_column][vc_column width=&#8221;1\/5&#8243;][\/vc_column][\/vc_row][vc_row css=&#8221;.vc_custom_1756295697332{background-color: #FFFFFF !important;border-color: #FFFFFF !important;}&#8221;][vc_column width=&#8221;1\/5&#8243;][\/vc_column][vc_column width=&#8221;1\/5&#8243; css=&#8221;.vc_custom_1756360979188{padding-bottom: 50px !important;}&#8221;][vc_single_image image=&#8221;14742&#8243; css=&#8221;&#8221;][\/vc_column][vc_column width=&#8221;1\/5&#8243; css=&#8221;.vc_custom_1756361137852{padding-bottom: 50px !important;}&#8221;][vc_single_image image=&#8221;14740&#8243; css=&#8221;&#8221;][\/vc_column][vc_column width=&#8221;1\/5&#8243;][\/vc_column][\/vc_row][vc_row full_width=&#8221;stretch_row&#8221; gap=&#8221;35&#8243; kd_image_overlay_color=&#8221;#ffffff&#8221; kd_image_overlay=&#8221;true&#8221; css=&#8221;.vc_custom_1729580229333{margin-top: -50px !important;background-color: #ffffff !important;}&#8221;][vc_column width=&#8221;1\/5&#8243;][\/vc_column][vc_column width=&#8221;1\/5&#8243;][vc_custom_heading text=&#8221;AYUNTAMIENTOS&#8221; font_container=&#8221;tag:h4|font_size:20|text_align:left&#8221; use_theme_fonts=&#8221;yes&#8221; css=&#8221;.vc_custom_1756295737949{margin-top: 100px !important;}&#8221;][vc_column_text css=&#8221;&#8221;][\/vc_column_text][\/vc_column][vc_column width=&#8221;1\/5&#8243;][\/vc_column][vc_column width=&#8221;1\/5&#8243;][\/vc_column][vc_column width=&#8221;1\/5&#8243;][\/vc_column][\/vc_row][vc_row][vc_column width=&#8221;1\/5&#8243;][\/vc_column][vc_column width=&#8221;1\/5&#8243;][vc_single_image image=&#8221;14752&#8243; css=&#8221;&#8221;][\/vc_column][vc_column width=&#8221;1\/5&#8243;][vc_single_image image=&#8221;14754&#8243; css=&#8221;&#8221;][\/vc_column][vc_column width=&#8221;1\/5&#8243;][vc_single_image image=&#8221;14756&#8243; css=&#8221;&#8221;][\/vc_column][vc_column width=&#8221;1\/5&#8243;][\/vc_column][\/vc_row][vc_row][vc_column width=&#8221;1\/5&#8243;][\/vc_column][vc_column width=&#8221;1\/5&#8243;][vc_single_image image=&#8221;14758&#8243; css=&#8221;&#8221;][\/vc_column][vc_column width=&#8221;1\/5&#8243;][vc_single_image image=&#8221;14760&#8243; css=&#8221;&#8221;][\/vc_column][vc_column width=&#8221;1\/5&#8243;][vc_single_image image=&#8221;14762&#8243; css=&#8221;&#8221;][\/vc_column][vc_column width=&#8221;1\/5&#8243;][\/vc_column][\/vc_row][vc_row][vc_column width=&#8221;1\/5&#8243;][\/vc_column][vc_column width=&#8221;1\/5&#8243;][vc_single_image image=&#8221;14764&#8243; css=&#8221;&#8221;][\/vc_column][vc_column width=&#8221;1\/5&#8243;][vc_single_image image=&#8221;14766&#8243; css=&#8221;&#8221;][\/vc_column][vc_column width=&#8221;1\/5&#8243;][vc_single_image image=&#8221;14750&#8243; css=&#8221;&#8221;][\/vc_column][vc_column width=&#8221;1\/5&#8243;][\/vc_column][\/vc_row][vc_row][vc_column width=&#8221;1\/5&#8243;][\/vc_column][vc_column width=&#8221;1\/5&#8243;][vc_custom_heading text=&#8221;FUNDACIONES&#8221; font_container=&#8221;tag:h4|font_size:20|text_align:left&#8221; use_theme_fonts=&#8221;yes&#8221; css=&#8221;.vc_custom_1756297610554{margin-top: 100px !important;}&#8221;][\/vc_column][vc_column width=&#8221;1\/5&#8243;][\/vc_column][vc_column width=&#8221;1\/5&#8243;][\/vc_column][vc_column width=&#8221;1\/5&#8243;][\/vc_column][\/vc_row][vc_row][vc_column width=&#8221;1\/5&#8243;][\/vc_column][vc_column width=&#8221;1\/5&#8243;][vc_single_image image=&#8221;14772&#8243; css=&#8221;&#8221;][\/vc_column][vc_column width=&#8221;1\/5&#8243;][\/vc_column][vc_column width=&#8221;1\/5&#8243;][\/vc_column][vc_column width=&#8221;1\/5&#8243;][\/vc_column][\/vc_row][vc_row css=&#8221;.vc_custom_1756361171634{padding-bottom: 100px !important;}&#8221;][vc_column width=&#8221;1\/5&#8243;][\/vc_column][vc_column width=&#8221;1\/2&#8243;][vc_custom_heading text=&#8221;EMPRESAS Y PARTICULARES&#8221; font_container=&#8221;tag:h4|font_size:20|text_align:left&#8221; use_theme_fonts=&#8221;yes&#8221; css=&#8221;.vc_custom_1756298343896{margin-top: 100px !important;}&#8221;][vc_column_text css=&#8221;&#8221;]Aunque no sea posible reflejar gr\u00e1ficamente la inmensa red de colaboraci\u00f3n que sostiene a las Asociaci\u00f3n, cada gesto, cada aportaci\u00f3n y cada compromiso cuenta. Este espacio tambi\u00e9n recoge a todas aquellas empresas, entidades y personas particulares que, de forma generosa y silenciosa, forman parte de este proyecto colectivo.[\/vc_column_text][\/vc_column][vc_column width=&#8221;1\/4&#8243;][\/vc_column][\/vc_row][vc_row][vc_column][\/vc_column][\/vc_row][\/vc_section]<\/p>\n<\/div>","protected":false},"excerpt":{"rendered":"<p>[vc_section full_width=&#8221;stretch_row_content&#8221; content_placement=&#8221;middle&#8221; css=&#8221;.vc_custom_1756298271101{margin-top: 0px !important;background-color: #FFFFFF !important;border-color: #FFFFFF !important;}&#8221;][vc_row full_width=&#8221;stretch_row&#8221; gap=&#8221;35&#8243; kd_image_overlay_color=&#8221;#ffffff&#8221; kd_image_overlay=&#8221;true&#8221; css=&#8221;.vc_custom_1729580229333{margin-top: -50px !important;background-color: #ffffff !important;}&#8221;][vc_column width=&#8221;1\/5&#8243;][\/vc_column][vc_column [&hellip;]<\/p>\n","protected":false},"author":3,"featured_media":14808,"parent":0,"menu_order":0,"comment_status":"closed","ping_status":"closed","template":"","meta":{"footnotes":""},"class_list":["post-14736","page","type-page","status-publish","has-post-thumbnail","hentry"],"publishpress_future_action":{"enabled":false,"date":"2026-04-25 08:22:37","action":"change-status","newStatus":"draft","terms":[],"taxonomy":"translation_priority","extraData":[]},"publishpress_future_workflow_manual_trigger":{"enabledWorkflows":[]},"_links":{"self":[{"href":"https:\/\/cuidador1.es\/dya\/wp-json\/wp\/v2\/pages\/14736","targetHints":{"allow":["GET"]}}],"collection":[{"href":"https:\/\/cuidador1.es\/dya\/wp-json\/wp\/v2\/pages"}],"about":[{"href":"https:\/\/cuidador1.es\/dya\/wp-json\/wp\/v2\/types\/page"}],"author":[{"embeddable":true,"href":"https:\/\/cuidador1.es\/dya\/wp-json\/wp\/v2\/users\/3"}],"replies":[{"embeddable":true,"href":"https:\/\/cuidador1.es\/dya\/wp-json\/wp\/v2\/comments?post=14736"}],"version-history":[{"count":37,"href":"https:\/\/cuidador1.es\/dya\/wp-json\/wp\/v2\/pages\/14736\/revisions"}],"predecessor-version":[{"id":14801,"href":"https:\/\/cuidador1.es\/dya\/wp-json\/wp\/v2\/pages\/14736\/revisions\/14801"}],"wp:featuredmedia":[{"embeddable":true,"href":"https:\/\/cuidador1.es\/dya\/wp-json\/wp\/v2\/media\/14808"}],"wp:attachment":[{"href":"https:\/\/cuidador1.es\/dya\/wp-json\/wp\/v2\/media?parent=14736"}],"curies":[{"name":"wp","href":"https:\/\/api.w.org\/{rel}","templated":true}]}}